{"id":459,"date":"2023-03-20T11:01:56","date_gmt":"2023-03-20T10:01:56","guid":{"rendered":"https:\/\/siba.fyriswebb.se\/leilas-art\/?page_id=459"},"modified":"2023-03-20T11:40:47","modified_gmt":"2023-03-20T10:40:47","slug":"bli-medlem","status":"publish","type":"page","link":"https:\/\/siba.fyriswebb.se\/leilas-art\/bli-medlem\/","title":{"rendered":"Bli medlem"},"content":{"rendered":"\n<p>Vad roligt att du funderar p\u00e5 att bli medlem i v\u00e5r friluftsf\u00f6rening. Som medlem har du att se fram emot frilufts\u00e4ventyr f\u00f6r hela \u00e5ret, under alla \u00e5rstider och f\u00f6r hela familjen. D\u00e4rut\u00f6ver f\u00e5r du ocks\u00e5 andra medlemsf\u00f6rm\u00e5ner som vi hoppas du ska ha gl\u00e4dje och nytta utav.<\/p>\n\n\n\n<p>Medlemsf\u00f6rm\u00e5ner: Rabatt p\u00e5 resor, upplevelser och utrustning i Uppsala. D\u00e5 f\u00e5r v\u00e5r medlemstidning som kommer ut med 4 nummer per \u00e5r. D\u00e4r kan du l\u00e4sa om friluftsliv och f\u00e5 aktuell information om vad som h\u00e4nder i f\u00f6reningen under \u00e5ret.<br>L\u00e4s mer om vad som ing\u00e5r.<\/p>\n\n\n","protected":false},"excerpt":{"rendered":"<p>Vad roligt att du funderar p\u00e5 att bli medlem i v\u00e5r friluftsf\u00f6rening. Som medlem har du att se fram emot frilufts\u00e4ventyr f\u00f6r hela \u00e5ret, under alla \u00e5rstider och f\u00f6r hela familjen. D\u00e4rut\u00f6ver f\u00e5r du ocks\u00e5 andra medlemsf\u00f6rm\u00e5ner som vi hoppas du ska ha gl\u00e4dje och nytta utav. Medlemsf\u00f6rm\u00e5ner: Rabatt p\u00e5 resor, upplevelser och utrustning i [&hellip;]<\/p>\n","protected":false},"author":5,"featured_media":0,"parent":0,"menu_order":0,"comment_status":"closed","ping_status":"closed","template":"","meta":{"_et_pb_use_builder":"on","_et_pb_old_content":"","_et_gb_content_width":""},"_links":{"self":[{"href":"https:\/\/siba.fyriswebb.se\/leilas-art\/wp-json\/wp\/v2\/pages\/459"}],"collection":[{"href":"https:\/\/siba.fyriswebb.se\/leilas-art\/wp-json\/wp\/v2\/pages"}],"about":[{"href":"https:\/\/siba.fyriswebb.se\/leilas-art\/wp-json\/wp\/v2\/types\/page"}],"author":[{"embeddable":true,"href":"https:\/\/siba.fyriswebb.se\/leilas-art\/wp-json\/wp\/v2\/users\/5"}],"replies":[{"embeddable":true,"href":"https:\/\/siba.fyriswebb.se\/leilas-art\/wp-json\/wp\/v2\/comments?post=459"}],"version-history":[{"count":3,"href":"https:\/\/siba.fyriswebb.se\/leilas-art\/wp-json\/wp\/v2\/pages\/459\/revisions"}],"predecessor-version":[{"id":465,"href":"https:\/\/siba.fyriswebb.se\/leilas-art\/wp-json\/wp\/v2\/pages\/459\/revisions\/465"}],"wp:attachment":[{"href":"https:\/\/siba.fyriswebb.se\/leilas-art\/wp-json\/wp\/v2\/media?parent=459"}],"curies":[{"name":"wp","href":"https:\/\/api.w.org\/{rel}","templated":true}]}}